{"id":431,"date":"2020-08-26T19:04:26","date_gmt":"2020-08-26T16:04:26","guid":{"rendered":"https:\/\/nuvetekstil.com\/?post_type=product&#038;p=431"},"modified":"2020-08-26T19:04:26","modified_gmt":"2020-08-26T16:04:26","slug":"dosemelik-kumas-cocuk","status":"publish","type":"product","link":"https:\/\/nuvetekstil.com\/index.php\/urun\/dosemelik-kumas-cocuk\/","title":{"rendered":"D\u00f6\u015femelik Kuma\u015f (\u00c7ocuk)"},"content":{"rendered":"","protected":false},"excerpt":{"rendered":"<p>\u00c7ocuk odas\u0131 i\u00e7in d\u00f6\u015femelik kuma\u015f<\/p>\n","protected":false},"featured_media":432,"comment_status":"open","ping_status":"closed","template":"","meta":[],"class_list":["post-431","product","type-product","status-publish","has-post-thumbnail","hentry","product_cat-dosemelik","product_tag-cocuk-odasi","product_tag-dosemelik-kumas"],"yoast_head":"<!-- This site is optimized with the Yoast SEO plugin v16.0.2 - https:\/\/yoast.com\/wordpress\/plugins\/seo\/ -->\n<title>D\u00f6\u015femelik Kuma\u015f (\u00c7ocuk) - N\u00fcve Tekstil<\/title>\n<link rel=\"canonical\" href=\"https:\/\/nuvetekstil.com\/index.php\/urun\/dosemelik-kumas-cocuk\/\" \/>\n<meta property=\"og:locale\" content=\"tr_TR\" \/>\n<meta property=\"og:type\" content=\"article\" \/>\n<meta property=\"og:title\" content=\"D\u00f6\u015femelik Kuma\u015f (\u00c7ocuk) - N\u00fcve Tekstil\" \/>\n<meta property=\"og:description\" content=\"\u00c7ocuk odas\u0131 i\u00e7in d\u00f6\u015femelik kuma\u015f\" \/>\n<meta property=\"og:url\" content=\"https:\/\/nuvetekstil.com\/index.php\/urun\/dosemelik-kumas-cocuk\/\" \/>\n<meta property=\"og:site_name\" content=\"N\u00fcve Tekstil\" \/>\n<meta property=\"og:image\" content=\"https:\/\/nuvetekstil.com\/wp-content\/uploads\/2020\/08\/IMG_7565.jpg\" \/>\n\t<meta property=\"og:image:width\" content=\"1080\" \/>\n\t<meta property=\"og:image:height\" content=\"1440\" \/>\n<meta name=\"twitter:card\" content=\"summary_large_image\" \/>\n<script type=\"application\/ld+json\" class=\"yoast-schema-graph\">{\"@context\":\"https:\/\/schema.org\",\"@graph\":[{\"@type\":\"Organization\",\"@id\":\"https:\/\/nuvetekstil.com\/#organization\",\"name\":\"N\\u00dcVE TEKST\\u0130L T\\u0130CARET LTD. \\u015eT\\u0130.\",\"url\":\"https:\/\/nuvetekstil.com\/\",\"sameAs\":[\"https:\/\/www.instagram.com\/tekstilnuve\/?hl=tr\"],\"logo\":{\"@type\":\"ImageObject\",\"@id\":\"https:\/\/nuvetekstil.com\/#logo\",\"inLanguage\":\"tr\",\"url\":\"https:\/\/nuvetekstil.com\/wp-content\/uploads\/2020\/06\/Logo6.jpg\",\"width\":512,\"height\":512,\"caption\":\"N\\u00dcVE TEKST\\u0130L T\\u0130CARET LTD. \\u015eT\\u0130.\"},\"image\":{\"@id\":\"https:\/\/nuvetekstil.com\/#logo\"}},{\"@type\":\"WebSite\",\"@id\":\"https:\/\/nuvetekstil.com\/#website\",\"url\":\"https:\/\/nuvetekstil.com\/\",\"name\":\"N\\u00fcve Tekstil\",\"description\":\"D\\u00f6\\u015femelik Perdelik Kuma\\u015f\",\"publisher\":{\"@id\":\"https:\/\/nuvetekstil.com\/#organization\"},\"potentialAction\":[{\"@type\":\"SearchAction\",\"target\":\"https:\/\/nuvetekstil.com\/?s={search_term_string}\",\"query-input\":\"required name=search_term_string\"}],\"inLanguage\":\"tr\"},{\"@type\":\"ImageObject\",\"@id\":\"https:\/\/nuvetekstil.com\/index.php\/urun\/dosemelik-kumas-cocuk\/#primaryimage\",\"inLanguage\":\"tr\",\"url\":\"https:\/\/nuvetekstil.com\/wp-content\/uploads\/2020\/08\/IMG_7565.jpg\",\"width\":1080,\"height\":1440},{\"@type\":\"WebPage\",\"@id\":\"https:\/\/nuvetekstil.com\/index.php\/urun\/dosemelik-kumas-cocuk\/#webpage\",\"url\":\"https:\/\/nuvetekstil.com\/index.php\/urun\/dosemelik-kumas-cocuk\/\",\"name\":\"D\\u00f6\\u015femelik Kuma\\u015f (\\u00c7ocuk) - N\\u00fcve Tekstil\",\"isPartOf\":{\"@id\":\"https:\/\/nuvetekstil.com\/#website\"},\"primaryImageOfPage\":{\"@id\":\"https:\/\/nuvetekstil.com\/index.php\/urun\/dosemelik-kumas-cocuk\/#primaryimage\"},\"datePublished\":\"2020-08-26T16:04:26+00:00\",\"dateModified\":\"2020-08-26T16:04:26+00:00\",\"breadcrumb\":{\"@id\":\"https:\/\/nuvetekstil.com\/index.php\/urun\/dosemelik-kumas-cocuk\/#breadcrumb\"},\"inLanguage\":\"tr\",\"potentialAction\":[{\"@type\":\"ReadAction\",\"target\":[\"https:\/\/nuvetekstil.com\/index.php\/urun\/dosemelik-kumas-cocuk\/\"]}]},{\"@type\":\"BreadcrumbList\",\"@id\":\"https:\/\/nuvetekstil.com\/index.php\/urun\/dosemelik-kumas-cocuk\/#breadcrumb\",\"itemListElement\":[{\"@type\":\"ListItem\",\"position\":1,\"item\":{\"@type\":\"WebPage\",\"@id\":\"https:\/\/nuvetekstil.com\/\",\"url\":\"https:\/\/nuvetekstil.com\/\",\"name\":\"Ana sayfa\"}},{\"@type\":\"ListItem\",\"position\":2,\"item\":{\"@type\":\"WebPage\",\"@id\":\"https:\/\/nuvetekstil.com\/index.php\/urunler\/\",\"url\":\"https:\/\/nuvetekstil.com\/index.php\/urunler\/\",\"name\":\"\\u00dcr\\u00fcnler\"}},{\"@type\":\"ListItem\",\"position\":3,\"item\":{\"@type\":\"WebPage\",\"@id\":\"https:\/\/nuvetekstil.com\/index.php\/urun\/dosemelik-kumas-cocuk\/\",\"url\":\"https:\/\/nuvetekstil.com\/index.php\/urun\/dosemelik-kumas-cocuk\/\",\"name\":\"D\\u00f6\\u015femelik Kuma\\u015f (\\u00c7ocuk)\"}}]}]}<\/script>\n<!-- \/ Yoast SEO plugin. -->","jetpack_sharing_enabled":true,"_links":{"self":[{"href":"https:\/\/nuvetekstil.com\/index.php\/wp-json\/wp\/v2\/product\/431","targetHints":{"allow":["GET"]}}],"collection":[{"href":"https:\/\/nuvetekstil.com\/index.php\/wp-json\/wp\/v2\/product"}],"about":[{"href":"https:\/\/nuvetekstil.com\/index.php\/wp-json\/wp\/v2\/types\/product"}],"replies":[{"embeddable":true,"href":"https:\/\/nuvetekstil.com\/index.php\/wp-json\/wp\/v2\/comments?post=431"}],"wp:featuredmedia":[{"embeddable":true,"href":"https:\/\/nuvetekstil.com\/index.php\/wp-json\/wp\/v2\/media\/432"}],"wp:attachment":[{"href":"https:\/\/nuvetekstil.com\/index.php\/wp-json\/wp\/v2\/media?parent=431"}],"curies":[{"name":"wp","href":"https:\/\/api.w.org\/{rel}","templated":true}]}}