{"id":317,"date":"2020-06-20T19:49:36","date_gmt":"2020-06-20T16:49:36","guid":{"rendered":"https:\/\/nuvetekstil.com\/?page_id=317"},"modified":"2020-06-20T20:58:07","modified_gmt":"2020-06-20T17:58:07","slug":"hakkimizda","status":"publish","type":"page","link":"https:\/\/nuvetekstil.com\/index.php\/hakkimizda\/","title":{"rendered":"Hakk\u0131m\u0131zda"},"content":{"rendered":"\n<p>N\u00fcve Tekstil 1997 y\u0131l\u0131nda faaliyete ba\u015flam\u0131\u015ft\u0131r. Ba\u015flang\u0131\u00e7ta Penelope Levent Bayili\u011finde perakendecilik ve toptanc\u0131l\u0131k yapm\u0131\u015ft\u0131r. Sonras\u0131nda tedarik ve faaliyet alanlar\u0131n\u0131 geni\u015fleterek yerli ve yabanc\u0131 \u00e7e\u015fitli \u00fcreticilerin \u00fcr\u00fcnlerinden kendi koleksiyonuna ba\u011fl\u0131 d\u00f6\u015femelik, perdelik ve aksesuarlar\u0131 koleksiyonlar\u0131n\u0131 geli\u015ftirmi\u015f, yurti\u00e7inde ve yurtd\u0131\u015f\u0131nda az say\u0131daki \u00f6zel perakende ma\u011fazalarda sat\u0131\u015fa sunmu\u015ftur.<\/p>\n\n\n\n<p>Koleksiyonundaki \u00fcr\u00fcn gruplar\u0131n\u0131 se\u00e7erken \u00e7e\u015fitli zevk ve ihtiya\u00e7lara cevap verecek \u015fekilde, farkl\u0131 kalitelerde (saten, tafta, chenille, goblen v.b) ve niteliklerde (renk, doku, kal\u0131nl\u0131k v.b) en az senede iki defa \u00fcr\u00fcn haz\u0131rlamaya dikkat eder.<\/p>\n\n\n\n<p>N\u00fcve Tekstil otel, hastane, restaurant gibi proje i\u015fleri ile ilgili de faaliyet g\u00f6stermektedir.<\/p>\n\n\n\n<p>Koleksiyon se\u00e7imlerinde g\u00f6sterilen titizlik, sat\u0131\u015f noktalar\u0131n\u0131n se\u00e7iminde de g\u00f6sterilmektedir. N\u00fcve Tekstil koleksiyonunu t\u00fcketiciye en do\u011fru ve N\u00fcve Tekstil\u2019i en iyi \u015fekilde ifade edebilecek nitelikteki noktalarda ula\u015ft\u0131rmay\u0131 tercih etmektedir. Bu istikamette sat\u0131\u015f noktalar\u0131 say\u0131s\u0131n\u0131 art\u0131rmayacak, ancak \u00fcr\u00fcn \u00e7e\u015fitlili\u011fini art\u0131rarak koleksiyonunu zenginle\u015ftirmeyi tercih edecektir.<\/p>\n","protected":false},"excerpt":{"rendered":"<p>N\u00fcve Tekstil 1997 y\u0131l\u0131nda faaliyete ba\u015flam\u0131\u015ft\u0131r. Ba\u015flang\u0131\u00e7ta Penelope Levent Bayili\u011finde perakendecilik ve toptanc\u0131l\u0131k yapm\u0131\u015ft\u0131r. Sonras\u0131nda tedarik ve faaliyet alanlar\u0131n\u0131 geni\u015fleterek &hellip; <a href=\"https:\/\/nuvetekstil.com\/index.php\/hakkimizda\/\" class=\"more-link\">Continue reading <span class=\"screen-reader-text\">Hakk\u0131m\u0131zda<\/span><\/a><\/p>\n","protected":false},"author":1,"featured_media":0,"parent":0,"menu_order":0,"comment_status":"closed","ping_status":"closed","template":"page-templates\/full-width.php","meta":{"footnotes":""},"class_list":["post-317","page","type-page","status-publish","hentry"],"yoast_head":"<!-- This site is optimized with the Yoast SEO plugin v16.0.2 - https:\/\/yoast.com\/wordpress\/plugins\/seo\/ -->\n<title>Hakk\u0131m\u0131zda - N\u00fcve Tekstil<\/title>\n<link rel=\"canonical\" href=\"https:\/\/nuvetekstil.com\/index.php\/hakkimizda\/\" \/>\n<meta property=\"og:locale\" content=\"tr_TR\" \/>\n<meta property=\"og:type\" content=\"article\" \/>\n<meta property=\"og:title\" content=\"Hakk\u0131m\u0131zda - N\u00fcve Tekstil\" \/>\n<meta property=\"og:description\" content=\"N\u00fcve Tekstil 1997 y\u0131l\u0131nda faaliyete ba\u015flam\u0131\u015ft\u0131r. Ba\u015flang\u0131\u00e7ta Penelope Levent Bayili\u011finde perakendecilik ve toptanc\u0131l\u0131k yapm\u0131\u015ft\u0131r. Sonras\u0131nda tedarik ve faaliyet alanlar\u0131n\u0131 geni\u015fleterek &hellip; Continue reading Hakk\u0131m\u0131zda\" \/>\n<meta property=\"og:url\" content=\"https:\/\/nuvetekstil.com\/index.php\/hakkimizda\/\" \/>\n<meta property=\"og:site_name\" content=\"N\u00fcve Tekstil\" \/>\n<meta property=\"article:modified_time\" content=\"2020-06-20T17:58:07+00:00\" \/>\n<meta name=\"twitter:card\" content=\"summary_large_image\" \/>\n<meta name=\"twitter:label1\" content=\"Tahmini okuma s\u00fcresi\">\n\t<meta name=\"twitter:data1\" content=\"1 dakika\">\n<script type=\"application\/ld+json\" class=\"yoast-schema-graph\">{\"@context\":\"https:\/\/schema.org\",\"@graph\":[{\"@type\":\"Organization\",\"@id\":\"https:\/\/nuvetekstil.com\/#organization\",\"name\":\"N\\u00dcVE TEKST\\u0130L T\\u0130CARET LTD. \\u015eT\\u0130.\",\"url\":\"https:\/\/nuvetekstil.com\/\",\"sameAs\":[\"https:\/\/www.instagram.com\/tekstilnuve\/?hl=tr\"],\"logo\":{\"@type\":\"ImageObject\",\"@id\":\"https:\/\/nuvetekstil.com\/#logo\",\"inLanguage\":\"tr\",\"url\":\"https:\/\/nuvetekstil.com\/wp-content\/uploads\/2020\/06\/Logo6.jpg\",\"width\":512,\"height\":512,\"caption\":\"N\\u00dcVE TEKST\\u0130L T\\u0130CARET LTD. \\u015eT\\u0130.\"},\"image\":{\"@id\":\"https:\/\/nuvetekstil.com\/#logo\"}},{\"@type\":\"WebSite\",\"@id\":\"https:\/\/nuvetekstil.com\/#website\",\"url\":\"https:\/\/nuvetekstil.com\/\",\"name\":\"N\\u00fcve Tekstil\",\"description\":\"D\\u00f6\\u015femelik Perdelik Kuma\\u015f\",\"publisher\":{\"@id\":\"https:\/\/nuvetekstil.com\/#organization\"},\"potentialAction\":[{\"@type\":\"SearchAction\",\"target\":\"https:\/\/nuvetekstil.com\/?s={search_term_string}\",\"query-input\":\"required name=search_term_string\"}],\"inLanguage\":\"tr\"},{\"@type\":\"WebPage\",\"@id\":\"https:\/\/nuvetekstil.com\/index.php\/hakkimizda\/#webpage\",\"url\":\"https:\/\/nuvetekstil.com\/index.php\/hakkimizda\/\",\"name\":\"Hakk\\u0131m\\u0131zda - N\\u00fcve Tekstil\",\"isPartOf\":{\"@id\":\"https:\/\/nuvetekstil.com\/#website\"},\"datePublished\":\"2020-06-20T16:49:36+00:00\",\"dateModified\":\"2020-06-20T17:58:07+00:00\",\"breadcrumb\":{\"@id\":\"https:\/\/nuvetekstil.com\/index.php\/hakkimizda\/#breadcrumb\"},\"inLanguage\":\"tr\",\"potentialAction\":[{\"@type\":\"ReadAction\",\"target\":[\"https:\/\/nuvetekstil.com\/index.php\/hakkimizda\/\"]}]},{\"@type\":\"BreadcrumbList\",\"@id\":\"https:\/\/nuvetekstil.com\/index.php\/hakkimizda\/#breadcrumb\",\"itemListElement\":[{\"@type\":\"ListItem\",\"position\":1,\"item\":{\"@type\":\"WebPage\",\"@id\":\"https:\/\/nuvetekstil.com\/\",\"url\":\"https:\/\/nuvetekstil.com\/\",\"name\":\"Ana sayfa\"}},{\"@type\":\"ListItem\",\"position\":2,\"item\":{\"@type\":\"WebPage\",\"@id\":\"https:\/\/nuvetekstil.com\/index.php\/hakkimizda\/\",\"url\":\"https:\/\/nuvetekstil.com\/index.php\/hakkimizda\/\",\"name\":\"Hakk\\u0131m\\u0131zda\"}}]}]}<\/script>\n<!-- \/ Yoast SEO plugin. -->","jetpack_sharing_enabled":true,"_links":{"self":[{"href":"https:\/\/nuvetekstil.com\/index.php\/wp-json\/wp\/v2\/pages\/317","targetHints":{"allow":["GET"]}}],"collection":[{"href":"https:\/\/nuvetekstil.com\/index.php\/wp-json\/wp\/v2\/pages"}],"about":[{"href":"https:\/\/nuvetekstil.com\/index.php\/wp-json\/wp\/v2\/types\/page"}],"author":[{"embeddable":true,"href":"https:\/\/nuvetekstil.com\/index.php\/wp-json\/wp\/v2\/users\/1"}],"replies":[{"embeddable":true,"href":"https:\/\/nuvetekstil.com\/index.php\/wp-json\/wp\/v2\/comments?post=317"}],"version-history":[{"count":1,"href":"https:\/\/nuvetekstil.com\/index.php\/wp-json\/wp\/v2\/pages\/317\/revisions"}],"predecessor-version":[{"id":318,"href":"https:\/\/nuvetekstil.com\/index.php\/wp-json\/wp\/v2\/pages\/317\/revisions\/318"}],"wp:attachment":[{"href":"https:\/\/nuvetekstil.com\/index.php\/wp-json\/wp\/v2\/media?parent=317"}],"curies":[{"name":"wp","href":"https:\/\/api.w.org\/{rel}","templated":true}]}}